{"id":544,"date":"2021-07-01T11:41:37","date_gmt":"2021-07-01T09:41:37","guid":{"rendered":"https:\/\/www.viennawoodworking.com\/?post_type=product&#038;p=544"},"modified":"2026-04-13T15:11:33","modified_gmt":"2026-04-13T13:11:33","slug":"linden-schuessel-27085","status":"publish","type":"product","link":"https:\/\/www.viennawoodworking.com\/?product=linden-schuessel-27085","title":{"rendered":"Linden Sch\u00fcssel 270*85"},"content":{"rendered":"<p>gro\u00dfe Lindenholz Sch\u00fcssel. geeignet alt Salat &#8222;Bowl&#8220;, da mit Nuss\u00f6l behandelt. War ein wundersch\u00f6ner Baum in Pressbaum bei Wien.<\/p>\n","protected":false},"excerpt":{"rendered":"<p>gro\u00dfe Lindenholz Sch\u00fcssel zB. als Salatsch\u00fcssel bestens geeignet.<\/p>\n","protected":false},"featured_media":546,"comment_status":"open","ping_status":"closed","template":"","meta":{"_kad_post_transparent":"default","_kad_post_title":"","_kad_post_layout":"default","_kad_post_sidebar_id":"","_kad_post_content_style":"default","_kad_post_vertical_padding":"default","_kad_post_feature":"","_kad_post_feature_position":"","_kad_post_header":false,"_kad_post_footer":false},"product_cat":[20],"product_tag":[30,72,29],"class_list":{"0":"post-544","1":"product","2":"type-product","3":"status-publish","4":"has-post-thumbnail","6":"product_cat-schussel","7":"product_tag-geolt","8":"product_tag-lebensmittelecht","9":"product_tag-linde","11":"first","12":"instock","13":"taxable","14":"shipping-taxable","15":"purchasable","16":"product-type-simple","17":"entry","18":"content-bg","19":"loop-entry"},"_links":{"self":[{"href":"https:\/\/www.viennawoodworking.com\/index.php?rest_route=\/wp\/v2\/product\/544","targetHints":{"allow":["GET"]}}],"collection":[{"href":"https:\/\/www.viennawoodworking.com\/index.php?rest_route=\/wp\/v2\/product"}],"about":[{"href":"https:\/\/www.viennawoodworking.com\/index.php?rest_route=\/wp\/v2\/types\/product"}],"replies":[{"embeddable":true,"href":"https:\/\/www.viennawoodworking.com\/index.php?rest_route=%2Fwp%2Fv2%2Fcomments&post=544"}],"wp:featuredmedia":[{"embeddable":true,"href":"https:\/\/www.viennawoodworking.com\/index.php?rest_route=\/wp\/v2\/media\/546"}],"wp:attachment":[{"href":"https:\/\/www.viennawoodworking.com\/index.php?rest_route=%2Fwp%2Fv2%2Fmedia&parent=544"}],"wp:term":[{"taxonomy":"product_cat","embeddable":true,"href":"https:\/\/www.viennawoodworking.com\/index.php?rest_route=%2Fwp%2Fv2%2Fproduct_cat&post=544"},{"taxonomy":"product_tag","embeddable":true,"href":"https:\/\/www.viennawoodworking.com\/index.php?rest_route=%2Fwp%2Fv2%2Fproduct_tag&post=544"}],"curies":[{"name":"wp","href":"https:\/\/api.w.org\/{rel}","templated":true}]}}