{"id":532,"date":"2021-07-01T11:11:30","date_gmt":"2021-07-01T09:11:30","guid":{"rendered":"https:\/\/www.viennawoodworking.com\/?post_type=product&#038;p=532"},"modified":"2026-04-25T09:33:22","modified_gmt":"2026-04-25T07:33:22","slug":"altholz-schuessel-21060-geoelt","status":"publish","type":"product","link":"https:\/\/www.viennawoodworking.com\/?product=altholz-schuessel-21060-geoelt","title":{"rendered":"Altholz Sch\u00fcssel 210*60 ge\u00f6lt"},"content":{"rendered":"<p>Sch\u00f6ne Altholz Sch\u00fcssel. Holz stammt aus einem Keller in Wien 1160 und ist ca. 100 Jahre alt. Teilweise kleine Holzwurml\u00f6cher. Holz k\u00f6nnte Buche sein.<\/p>\n","protected":false},"excerpt":{"rendered":"<p>Altholz m\u00f6glicherweise Buche, ca. 100 Jahre im Keller getrocknet.<\/p>\n","protected":false},"featured_media":534,"comment_status":"open","ping_status":"closed","template":"","meta":{"_kad_post_transparent":"default","_kad_post_title":"","_kad_post_layout":"default","_kad_post_sidebar_id":"","_kad_post_content_style":"default","_kad_post_vertical_padding":"default","_kad_post_feature":"","_kad_post_feature_position":"","_kad_post_header":false,"_kad_post_footer":false},"product_cat":[20],"product_tag":[69,23,30],"class_list":{"0":"post-532","1":"product","2":"type-product","3":"status-publish","4":"has-post-thumbnail","6":"product_cat-schussel","7":"product_tag-altholz","8":"product_tag-buche","9":"product_tag-geolt","11":"first","12":"instock","13":"taxable","14":"shipping-taxable","15":"purchasable","16":"product-type-simple","17":"entry","18":"content-bg","19":"loop-entry"},"_links":{"self":[{"href":"https:\/\/www.viennawoodworking.com\/index.php?rest_route=\/wp\/v2\/product\/532","targetHints":{"allow":["GET"]}}],"collection":[{"href":"https:\/\/www.viennawoodworking.com\/index.php?rest_route=\/wp\/v2\/product"}],"about":[{"href":"https:\/\/www.viennawoodworking.com\/index.php?rest_route=\/wp\/v2\/types\/product"}],"replies":[{"embeddable":true,"href":"https:\/\/www.viennawoodworking.com\/index.php?rest_route=%2Fwp%2Fv2%2Fcomments&post=532"}],"wp:featuredmedia":[{"embeddable":true,"href":"https:\/\/www.viennawoodworking.com\/index.php?rest_route=\/wp\/v2\/media\/534"}],"wp:attachment":[{"href":"https:\/\/www.viennawoodworking.com\/index.php?rest_route=%2Fwp%2Fv2%2Fmedia&parent=532"}],"wp:term":[{"taxonomy":"product_cat","embeddable":true,"href":"https:\/\/www.viennawoodworking.com\/index.php?rest_route=%2Fwp%2Fv2%2Fproduct_cat&post=532"},{"taxonomy":"product_tag","embeddable":true,"href":"https:\/\/www.viennawoodworking.com\/index.php?rest_route=%2Fwp%2Fv2%2Fproduct_tag&post=532"}],"curies":[{"name":"wp","href":"https:\/\/api.w.org\/{rel}","templated":true}]}}