{"id":356,"date":"2021-05-22T20:29:36","date_gmt":"2021-05-22T18:29:36","guid":{"rendered":"https:\/\/www.viennawoodworking.com\/?post_type=product&#038;p=356"},"modified":"2021-08-16T16:20:30","modified_gmt":"2021-08-16T14:20:30","slug":"weide-schuessel18075","status":"publish","type":"product","link":"https:\/\/www.viennawoodworking.com\/?product=weide-schuessel18075","title":{"rendered":"Weiden Sch\u00fcssel 180*75mm"},"content":{"rendered":"","protected":false},"excerpt":{"rendered":"<p>Innen ge\u00f6lt, au\u00dfen Schellack, intensive Zeichnung, Rand d\u00fcnn. leicht<\/p>\n","protected":false},"featured_media":375,"comment_status":"open","ping_status":"closed","template":"","meta":{"_kad_post_transparent":"default","_kad_post_title":"","_kad_post_layout":"default","_kad_post_sidebar_id":"","_kad_post_content_style":"default","_kad_post_vertical_padding":"default","_kad_post_feature":"","_kad_post_feature_position":"","_kad_post_header":false,"_kad_post_footer":false},"product_cat":[20],"product_tag":[50,31,32],"class_list":{"0":"post-356","1":"product","2":"type-product","3":"status-publish","4":"has-post-thumbnail","6":"product_cat-schussel","7":"product_tag-innen-geoelt","8":"product_tag-schellack","9":"product_tag-weide","11":"first","12":"instock","13":"taxable","14":"shipping-taxable","15":"purchasable","16":"product-type-simple","17":"entry","18":"content-bg","19":"loop-entry"},"_links":{"self":[{"href":"https:\/\/www.viennawoodworking.com\/index.php?rest_route=\/wp\/v2\/product\/356","targetHints":{"allow":["GET"]}}],"collection":[{"href":"https:\/\/www.viennawoodworking.com\/index.php?rest_route=\/wp\/v2\/product"}],"about":[{"href":"https:\/\/www.viennawoodworking.com\/index.php?rest_route=\/wp\/v2\/types\/product"}],"replies":[{"embeddable":true,"href":"https:\/\/www.viennawoodworking.com\/index.php?rest_route=%2Fwp%2Fv2%2Fcomments&post=356"}],"wp:featuredmedia":[{"embeddable":true,"href":"https:\/\/www.viennawoodworking.com\/index.php?rest_route=\/wp\/v2\/media\/375"}],"wp:attachment":[{"href":"https:\/\/www.viennawoodworking.com\/index.php?rest_route=%2Fwp%2Fv2%2Fmedia&parent=356"}],"wp:term":[{"taxonomy":"product_cat","embeddable":true,"href":"https:\/\/www.viennawoodworking.com\/index.php?rest_route=%2Fwp%2Fv2%2Fproduct_cat&post=356"},{"taxonomy":"product_tag","embeddable":true,"href":"https:\/\/www.viennawoodworking.com\/index.php?rest_route=%2Fwp%2Fv2%2Fproduct_tag&post=356"}],"curies":[{"name":"wp","href":"https:\/\/api.w.org\/{rel}","templated":true}]}}