{"id":353,"date":"2021-05-22T13:21:17","date_gmt":"2021-05-22T11:21:17","guid":{"rendered":"https:\/\/www.viennawoodworking.com\/?post_type=product&#038;p=353"},"modified":"2024-08-10T00:11:11","modified_gmt":"2024-08-09T22:11:11","slug":"weiden-schuessel-17075mm-gebeizt","status":"publish","type":"product","link":"https:\/\/www.viennawoodworking.com\/?product=weiden-schuessel-17075mm-gebeizt","title":{"rendered":"Weiden Sch\u00fcssel 170*75mm gebeizt"},"content":{"rendered":"","protected":false},"excerpt":{"rendered":"<p>kleine Sch\u00fcssel au\u00dfen braun gebeizt<\/p>\n","protected":false},"featured_media":346,"comment_status":"open","ping_status":"closed","template":"","meta":{"_kad_post_transparent":"default","_kad_post_title":"","_kad_post_layout":"default","_kad_post_sidebar_id":"","_kad_post_content_style":"default","_kad_post_vertical_padding":"default","_kad_post_feature":"","_kad_post_feature_position":"","_kad_post_header":false,"_kad_post_footer":false},"product_cat":[20],"product_tag":[46,32],"class_list":{"0":"post-353","1":"product","2":"type-product","3":"status-publish","4":"has-post-thumbnail","6":"product_cat-schussel","7":"product_tag-gebeizt","8":"product_tag-weide","10":"first","11":"instock","12":"taxable","13":"shipping-taxable","14":"purchasable","15":"product-type-simple","16":"entry","17":"content-bg","18":"loop-entry"},"_links":{"self":[{"href":"https:\/\/www.viennawoodworking.com\/index.php?rest_route=\/wp\/v2\/product\/353","targetHints":{"allow":["GET"]}}],"collection":[{"href":"https:\/\/www.viennawoodworking.com\/index.php?rest_route=\/wp\/v2\/product"}],"about":[{"href":"https:\/\/www.viennawoodworking.com\/index.php?rest_route=\/wp\/v2\/types\/product"}],"replies":[{"embeddable":true,"href":"https:\/\/www.viennawoodworking.com\/index.php?rest_route=%2Fwp%2Fv2%2Fcomments&post=353"}],"wp:featuredmedia":[{"embeddable":true,"href":"https:\/\/www.viennawoodworking.com\/index.php?rest_route=\/wp\/v2\/media\/346"}],"wp:attachment":[{"href":"https:\/\/www.viennawoodworking.com\/index.php?rest_route=%2Fwp%2Fv2%2Fmedia&parent=353"}],"wp:term":[{"taxonomy":"product_cat","embeddable":true,"href":"https:\/\/www.viennawoodworking.com\/index.php?rest_route=%2Fwp%2Fv2%2Fproduct_cat&post=353"},{"taxonomy":"product_tag","embeddable":true,"href":"https:\/\/www.viennawoodworking.com\/index.php?rest_route=%2Fwp%2Fv2%2Fproduct_tag&post=353"}],"curies":[{"name":"wp","href":"https:\/\/api.w.org\/{rel}","templated":true}]}}