{"id":99,"date":"2021-05-18T16:05:30","date_gmt":"2021-05-18T16:05:30","guid":{"rendered":"https:\/\/www.viennawoodworking.com\/?page_id=99"},"modified":"2021-07-26T13:40:37","modified_gmt":"2021-07-26T11:40:37","slug":"holz","status":"publish","type":"page","link":"https:\/\/www.viennawoodworking.com\/?page_id=99","title":{"rendered":"Holz&#038;Oberfl\u00e4che"},"content":{"rendered":"<p><img loading=\"lazy\" decoding=\"async\" class=\"size-medium wp-image-73 alignleft\" src=\"https:\/\/www.viennawoodworking.com\/wp-content\/uploads\/2021\/05\/20210226_152016_HDR2-282x300.jpg\" alt=\"Logd\" width=\"282\" height=\"300\" srcset=\"https:\/\/www.viennawoodworking.com\/wp-content\/uploads\/2021\/05\/20210226_152016_HDR2-282x300.jpg 282w, https:\/\/www.viennawoodworking.com\/wp-content\/uploads\/2021\/05\/20210226_152016_HDR2-scaled-300x319.jpg 300w, https:\/\/www.viennawoodworking.com\/wp-content\/uploads\/2021\/05\/20210226_152016_HDR2-scaled-600x637.jpg 600w, https:\/\/www.viennawoodworking.com\/wp-content\/uploads\/2021\/05\/20210226_152016_HDR2-964x1024.jpg 964w, https:\/\/www.viennawoodworking.com\/wp-content\/uploads\/2021\/05\/20210226_152016_HDR2-768x816.jpg 768w, https:\/\/www.viennawoodworking.com\/wp-content\/uploads\/2021\/05\/20210226_152016_HDR2-1446x1536.jpg 1446w, https:\/\/www.viennawoodworking.com\/wp-content\/uploads\/2021\/05\/20210226_152016_HDR2-1928x2048.jpg 1928w\" sizes=\"auto, (max-width: 282px) 100vw, 282px\" \/><\/p>\n\n\n<p><strong>Verschiedene Holzarten<\/strong> haben verschieden Eigenschaften:<\/p>\n\n\n\n<p><strong>Weidenholz<\/strong> ist eher weich und Grobporig \u2013 es kann nicht so fein geschliffen werden, hat aber eine sehr sch\u00f6ne ins Rotbraune gehende Maserung.<\/p>\n\n\n\n<p><strong>Buchenholz<\/strong> ist \u00fcblicherweise leicht r\u00f6tlich bzw. im Falle von Wei\u00dfbuche fast wei\u00df und hat eher weniger Zeichnung ist meist sehr hart und glatt.<\/p>\n\n\n\n<p><strong>Gestockte Buche<\/strong> ist Buchenholz, dass schon l\u00e4nger im Wald gelegen hat und durch Pilze im Holz eine sehr interessante Zeichnung bekommt. Dieses Holz kann fallweise in der Oberfl\u00e4che etwas rauer sein.<\/p>\n\n\n\n<p><strong>Obstholz<\/strong>, Apfel, Zwetschke, Kirsche und \u00e4hnliche H\u00f6lzer haben eine sehr ausgepr\u00e4gte Zeichnung sind tendenziell etwas weicher, meist leicht in r\u00f6tliche gehend und erfreuen sich gro\u00dfer Beliebtheit.<\/p>\n\n\n\n<p><strong>Goldregen<\/strong> ist ein sehr hartes, dunkel graues Holz kommt manchmal in G\u00e4rten vor, und wird nur f\u00fcr kleine Objekt eingesetzt.<\/p>\n\n\n\n<p><strong>Walu\u00dfholz<\/strong> ist selten kann aber sehr interessant sein, da teilweise das Kernholz sehr dunkel ist und mit dem hellen Holz am Rand es Baumes stark kontrastiert.<\/p>\n\n\n\n<p><strong>Schwarznu\u00dfholz <\/strong>ist bei uns sehr selten und daher auch sehr teuer, das Kernholz ist sehr dunkel und wirkt sehr elegant. F\u00fcr alle Anwendungen geeignet. <\/p>\n\n\n\n<p><strong>Lindenholz<\/strong> ist eher hell und hat eine geringe Zeichnung und l\u00e4sst sich aber sehr gut bearbeiten.<\/p>\n\n\n\n<p>Holz ist ein Naturprodukt mit nat\u00fcrlichen Eigenschaften, ist nicht perfekt, sondern hat \u00c4ste, Rinde oder andere Defekte. Das macht die Einzigartigkeit jedes St\u00fcckes aus.<\/p>\n\n\n\n<p>Weitere Informationen zu Holzarten finden Sie <a href=\"https:\/\/de.wikipedia.org\/wiki\/Liste_der_Holzarten\" data-type=\"URL\" data-id=\"https:\/\/de.wikipedia.org\/wiki\/Liste_der_Holzarten\" target=\"_blank\" rel=\"noreferrer noopener\">hier<\/a><\/p>\n\n\n\n<p><strong>Oberfl\u00e4chen<\/strong><\/p>\n\n\n\n<p>Die Oberfl\u00e4chen werden mit <strong>Leinsamen-\u00d6l<\/strong>, <strong>Walnuss\u00f6l<\/strong>, <strong>Orange-\u00d6l<\/strong> sowie <strong>Bienen Wachs<\/strong> oder <strong>Kanoba Wachs<\/strong> behandelt.<\/p>\n\n\n\n<p>Bei gl\u00e4nzenden Objekten kommt <strong>Schellack<\/strong>, der ebenfalls ein reines Naturprodukt ist, zum Einsatz. Sie sind dann aber empfindlich auf Feuchtigkeit bzw. Wasser.<\/p>\n\n\n\n<p>Die Objekte sind reine Naturprodukte und k\u00f6nnen bei Bedarf dem Wald wieder zur\u00fcckgegeben werden.<\/p>\n\n\n\n<p>Die Objekte sind meist <strong>ge\u00f6lt<\/strong> und f\u00fcr Lebensmittel geeignet.<\/p>\n\n\n\n<p>Manche der Objekte wurden mit Harz (gekennzeichnet) oder <strong>Kreidefarbe<\/strong> gestaltet.<\/p>\n\n\n\n<p>Dunkle Farben werden durch eine japanische Technik (<strong>Shou Sugi Ban<\/strong>) erzielt in dem die Oberfl\u00e4che mit Feuer behandelt wird.<\/p>\n\n\n\n<p>Die Oberfl\u00e4chenbehandlung ist beim einzelnen Objekt im Shop vermerkt.<\/p>\n\n\n\n<p><strong>Pflege<\/strong>:<\/p>\n\n\n\n<p>Die Objekte bitte nur mit <strong>lauwarmen Wasser<\/strong> reinigen und danach mit handels\u00fcblichen <strong>Walnuss\u00f6l<\/strong> einlassen.&nbsp;&nbsp;<\/p>\n\n\n\n<p><strong>Auftragsarbeiten<\/strong> zum Beispiel aus einem Baum in Ihrem Garten sind ebenfalls m\u00f6glich, bitte kontaktieren Sie uns diesbez\u00fcglich.<\/p>\n\n\n\n<p>Eine einzigartige <strong>Geschenk-Idee<\/strong> ist es ein Objekt aus dem <strong>Lebensbaum<\/strong> des Beschenken zu schenken. Jedem Tag (Geburtstag des Beschenkten) im Jahr wird ein Baum im Keltischen Kalender zugeordnet. Insgesamt sind 21 verschieden B\u00e4ume im keltischen Kalender vertreten, bei ausgefallenen Arten bitte um Vorbestellung von mindestens 2 Monaten (B\u00e4ume m\u00fcssen gefunden, geschnitten, getrocknet werden).&nbsp;&nbsp; <a href=\"https:\/\/www.baumkreis.de\/lebensbaum-kalender\/\">https:\/\/www.baumkreis.de\/lebensbaum-kalender\/<\/a><\/p>\n\n\n\n<p>Lange Freude ist Ihnen sicher wenn Sie sorgsam mit den einzigartigen Unikaten aus Wien umgehen.<\/p>\n\n\n\n<p>Ihr Wolfgang Aigner<\/p>\n\n\n<p><\/p>","protected":false},"excerpt":{"rendered":"<p>Verschiedene Holzarten haben verschieden Eigenschaften: Weidenholz ist eher weich und Grobporig \u2013 es kann nicht so fein geschliffen werden, hat aber eine sehr sch\u00f6ne ins Rotbraune gehende Maserung. Buchenholz ist \u00fcblicherweise leicht r\u00f6tlich bzw. im Falle von Wei\u00dfbuche fast wei\u00df und hat eher weniger Zeichnung ist meist sehr hart und glatt. Gestockte Buche ist Buchenholz,&#8230;<\/p>\n","protected":false},"author":1,"featured_media":369,"parent":0,"menu_order":0,"comment_status":"closed","ping_status":"closed","template":"","meta":{"_kad_post_transparent":"","_kad_post_title":"default","_kad_post_layout":"default","_kad_post_sidebar_id":"","_kad_post_content_style":"default","_kad_post_vertical_padding":"default","_kad_post_feature":"default","_kad_post_feature_position":"default","_kad_post_header":false,"_kad_post_footer":false,"footnotes":""},"class_list":["post-99","page","type-page","status-publish","has-post-thumbnail","hentry"],"_links":{"self":[{"href":"https:\/\/www.viennawoodworking.com\/index.php?rest_route=\/wp\/v2\/pages\/99","targetHints":{"allow":["GET"]}}],"collection":[{"href":"https:\/\/www.viennawoodworking.com\/index.php?rest_route=\/wp\/v2\/pages"}],"about":[{"href":"https:\/\/www.viennawoodworking.com\/index.php?rest_route=\/wp\/v2\/types\/page"}],"author":[{"embeddable":true,"href":"https:\/\/www.viennawoodworking.com\/index.php?rest_route=\/wp\/v2\/users\/1"}],"replies":[{"embeddable":true,"href":"https:\/\/www.viennawoodworking.com\/index.php?rest_route=%2Fwp%2Fv2%2Fcomments&post=99"}],"version-history":[{"count":5,"href":"https:\/\/www.viennawoodworking.com\/index.php?rest_route=\/wp\/v2\/pages\/99\/revisions"}],"predecessor-version":[{"id":604,"href":"https:\/\/www.viennawoodworking.com\/index.php?rest_route=\/wp\/v2\/pages\/99\/revisions\/604"}],"wp:featuredmedia":[{"embeddable":true,"href":"https:\/\/www.viennawoodworking.com\/index.php?rest_route=\/wp\/v2\/media\/369"}],"wp:attachment":[{"href":"https:\/\/www.viennawoodworking.com\/index.php?rest_route=%2Fwp%2Fv2%2Fmedia&parent=99"}],"curies":[{"name":"wp","href":"https:\/\/api.w.org\/{rel}","templated":true}]}}