{"id":435,"date":"2021-05-24T01:33:48","date_gmt":"2021-05-23T23:33:48","guid":{"rendered":"https:\/\/www.viennawoodworking.com\/?page_id=435"},"modified":"2022-10-13T10:53:48","modified_gmt":"2022-10-13T08:53:48","slug":"allgemeine-geschaeftsbedingungen-agbs","status":"publish","type":"page","link":"https:\/\/www.viennawoodworking.com\/?page_id=435","title":{"rendered":"Allgemeine Gesch\u00e4ftsbedingungen AGBs"},"content":{"rendered":"\n<p><br>Rechtsform: Einzelunternehmen<br>Wolfgang Aigner EDV &#8211; viennawoodworking.com &#8211; nachfolgend vww abgek\u00fcrzt<br>Gamandergasse 26<br>1140 Wien Austria<br>UID-Nr.:ATU28300308<\/p>\n\n\n\n<p>Infos, Ausk\u00fcnfte und Anregungen an: office@viennawoodworking.com<br><\/p>\n\n\n\n<p><strong>\u00a7 1 Lieferbedingungen<\/strong><br>(1) Die Lieferung erfolgt im Normalfall innerhalb von 7 Werktagen ab der Bestellung<br>des Kunden, aber jedenfalls innerhalb von 21 Tagen ab Bestelldatum.<br>(2) Die Lieferung erfolgt an die vom Kunden angegebene Adresse. Bei unrichtigen,<br>unvollst\u00e4ndigen oder unklaren Angaben durch den Kunden tr\u00e4gt dieser alle daraus<br>entstehenden Kosten.<br>(3) Die Porto-\/Versandkosten betragen pauschal 9,90\u20ac in der EG.<\/p>\n\n\n\n<p><\/p>\n\n\n\n<p><strong>\u00a7 2 Preise<\/strong><br>(1) Grunds\u00e4tzlich gilt jener Kaufpreis f\u00fcr die bestellten Waren als vereinbart, der<br>sich aus dem Webshop ergibt.<br>(2) Soweit nicht anders angegeben, verstehen sich s\u00e4mtliche Preisangaben als<br>Bruttopreise einschlie\u00dflich der gesetzlichen Umsatzsteuer exklusive<br>aller mit dem Versand entstehenden Spesen.<br>(3) Sollten im Zuge des Versandes Export- oder Importabgaben f\u00e4llig werden, gehen<br>auch diese zu Lasten des Bestellers. Die Preise f\u00fcr die angebotenen Lieferungen<br>und Leistungen enthalten nicht Kosten, die von Dritten verrechnet werden.<br><\/p>\n\n\n\n<p><strong>\u00a7 3 Zahlungsbedingungen<\/strong><br>(1) Rechnungen sind, sofern nicht anders vereinbart, sofort ab Rechnungseingang bzw. vorab<br>mittels der im Shop m\u00f6glichen Zahlungsmethoden abzugs- und spesenfrei f\u00e4llig.<br>(2) Die Verrechnung erfolgt in Euro.<br>(3) Reaktionszeit bei Reklamationen: Anfragen werden innerhalb von 5 Werktagen<br>beantwortet.<\/p>\n\n\n\n<p><\/p>\n\n\n\n<p>\u00a7 4 Vertragsschluss<br>Die vww beh\u00e4lt sich das Recht vor, das jeweilige Leistungsangebot<br>inhaltlich jederzeit zu ver\u00e4ndern. Alle Angebote der vww sind freibleibend und als Aufforderung an den<br>Kunden zu verstehen, selbst ein Angebot zu legen. Der Vertrag kommt durch<br>Annahme der Bestellung durch die vww zustande, und zwar entweder<br>durch Absendung einer Auftragsbest\u00e4tigung mittels Post, Telefax oder E-Mail oder<br>unmittelbar durch Absendung der bestellten Ware.<br><\/p>\n\n\n\n<p>\u00a7 5 R\u00fccktrittsrecht<br>(1) Ein R\u00fccktrittsrecht besteht nicht, da es sich um individuell handgemachte Einzelst\u00fccke handelt.<br>(2) Anfragen, Infos, Datenausk\u00fcnfte und Beschwerden richten Sie in der Zeit Mo bis<br>Fr, zwischen 9 und 16 Uhr an die vww office@viennawoodworking.com<\/p>\n\n\n\n<p> <br>\u00a7 6 Gew\u00e4hrleistung<br>Die Gew\u00e4hrleistung erfolgt nach den gesetzl. Bestimmungen. Kommt ein Austausch oder eine Verbesserung nicht in Betracht (nicht m\u00f6glich, zu hoher Aufwand, unzumutbar, Fristverzug), dann hat der K\u00e4ufer<br>Anspruch auf Preisminderung bzw., wenn der Mangel nicht geringf\u00fcgig ist,<br>Aufhebung des Vertrages (Wandlung). Der Ersatz von (Mangel-) Folgesch\u00e4den, sowie<br>sonstigen Sachsch\u00e4den, Verm\u00f6genssch\u00e4den und Sch\u00e4den Dritter gegen den Kunden, ist ausgeschlossen.<br><\/p>\n\n\n\n<p>\u00a7 7 Gefahrtragung bei Lieferung an Verbraucher im Sinne des KSchG<br>Beim Versand der Ware geht die Gefahr f\u00fcr den Verlust oder die Besch\u00e4digung der<br>Ware erst auf den Verbraucher \u00fcber, sobald die Ware an den Verbraucher oder an<br>einen von diesem bestimmten, vom Bef\u00f6rderer verschiedenen Dritten abgeliefert<br>wird. Hat aber der Verbraucher selbst den Bef\u00f6rderungsvertrag geschlossen, ohne<br>dabei eine unsererseits vorgeschlagene Auswahlm\u00f6glichkeit zu n\u00fctzen, so geht die<br>Gefahr bereits mit der Aush\u00e4ndigung der Ware an den Bef\u00f6rderer \u00fcber.<br><\/p>\n\n\n\n<p>\u00a7 8 Geltungsbereich<br>(1) Die nachstehenden \u201eAllgemeinen Gesch\u00e4ftsbedingungen\u201c (AGB) gelten in der<br>am Tag der Bestellung g\u00fcltigen Fassung f\u00fcr s\u00e4mtliche Kaufvertr\u00e4ge. Abweichende<br>Vereinbarungen bed\u00fcrfen der Schriftform. Mit der Abgabe seiner Bestellung erkl\u00e4rt<br>sich der Kunde mit diesen AGB einverstanden und an sie gebunden.<br>(2) Sollten einzelne Bestimmungen dieser AGB aufgrund zwingender gesetzlicher<br>Vorschriften (insbesondere den Bestimmungen des KSchG) ganz oder teilweise<br>unwirksam sein, so bleiben die \u00fcbrigen Bestimmungen dieser AGB unver\u00e4ndert<br>wirksam.<\/p>\n","protected":false},"excerpt":{"rendered":"<p>Rechtsform: EinzelunternehmenWolfgang Aigner EDV &#8211; viennawoodworking.com &#8211; nachfolgend vww abgek\u00fcrztGamandergasse 261140 Wien AustriaUID-Nr.:ATU28300308 Infos, Ausk\u00fcnfte und Anregungen an: office@viennawoodworking.com \u00a7 1 Lieferbedingungen(1) Die Lieferung erfolgt im Normalfall innerhalb von 7 Werktagen ab der Bestellungdes Kunden, aber jedenfalls innerhalb von 21 Tagen ab Bestelldatum.(2) Die Lieferung erfolgt an die vom Kunden angegebene Adresse. Bei unrichtigen,unvollst\u00e4ndigen oder&#8230;<\/p>\n","protected":false},"author":1,"featured_media":0,"parent":0,"menu_order":0,"comment_status":"closed","ping_status":"closed","template":"","meta":{"_kad_post_transparent":"","_kad_post_title":"","_kad_post_layout":"","_kad_post_sidebar_id":"","_kad_post_content_style":"","_kad_post_vertical_padding":"","_kad_post_feature":"","_kad_post_feature_position":"","_kad_post_header":false,"_kad_post_footer":false,"footnotes":""},"class_list":["post-435","page","type-page","status-publish","hentry"],"_links":{"self":[{"href":"https:\/\/www.viennawoodworking.com\/index.php?rest_route=\/wp\/v2\/pages\/435","targetHints":{"allow":["GET"]}}],"collection":[{"href":"https:\/\/www.viennawoodworking.com\/index.php?rest_route=\/wp\/v2\/pages"}],"about":[{"href":"https:\/\/www.viennawoodworking.com\/index.php?rest_route=\/wp\/v2\/types\/page"}],"author":[{"embeddable":true,"href":"https:\/\/www.viennawoodworking.com\/index.php?rest_route=\/wp\/v2\/users\/1"}],"replies":[{"embeddable":true,"href":"https:\/\/www.viennawoodworking.com\/index.php?rest_route=%2Fwp%2Fv2%2Fcomments&post=435"}],"version-history":[{"count":5,"href":"https:\/\/www.viennawoodworking.com\/index.php?rest_route=\/wp\/v2\/pages\/435\/revisions"}],"predecessor-version":[{"id":682,"href":"https:\/\/www.viennawoodworking.com\/index.php?rest_route=\/wp\/v2\/pages\/435\/revisions\/682"}],"wp:attachment":[{"href":"https:\/\/www.viennawoodworking.com\/index.php?rest_route=%2Fwp%2Fv2%2Fmedia&parent=435"}],"curies":[{"name":"wp","href":"https:\/\/api.w.org\/{rel}","templated":true}]}}