{"id":425,"date":"2021-05-23T23:03:05","date_gmt":"2021-05-23T21:03:05","guid":{"rendered":"https:\/\/www.viennawoodworking.com\/?page_id=425"},"modified":"2021-07-01T12:18:44","modified_gmt":"2021-07-01T10:18:44","slug":"newsletter-abonnieren","status":"publish","type":"page","link":"https:\/\/www.viennawoodworking.com\/?page_id=425","title":{"rendered":"Newsletter Abonnieren"},"content":{"rendered":"\n<p><em>\n\t\t\t<form id=\"sib_signup_form_1\" method=\"post\" class=\"sib_signup_form\">\n\t\t\t\t<div class=\"sib_loader\" style=\"display:none;\"><img\n\t\t\t\t\t\t\tsrc=\"https:\/\/www.viennawoodworking.com\/wp-includes\/images\/spinner.gif\" alt=\"loader\"><\/div>\n\t\t\t\t<input type=\"hidden\" name=\"sib_form_action\" value=\"subscribe_form_submit\">\n\t\t\t\t<input type=\"hidden\" name=\"sib_form_id\" value=\"1\">\n                <input type=\"hidden\" name=\"sib_form_alert_notice\" value=\"Please fill out this field\">\n                <input type=\"hidden\" name=\"sib_form_invalid_email_notice\" value=\"Your email address is invalid\">\n                <input type=\"hidden\" name=\"sib_security\" value=\"91c8d01300\">\n\t\t\t\t<div class=\"sib_signup_box_inside_1\">\n\t\t\t\t\t<div style=\"\/*display:none*\/\" class=\"sib_msg_disp\">\n\t\t\t\t\t<\/div>\n                    \t\t\t\t\t<p class=\"sib-email-area\"> \r\n    <label class=\"sib-email-area\">Email*<\/label> \r\n    <input type=\"email\" class=\"sib-email-area\" name=\"email\" placeholder=\"\" value=\"\" required=\"required\"> \r\n<\/p>\r\n\r\n<p class=\"sib-VORNAME-area\"> \r\n    <label class=\"sib-VORNAME-area\">Vorname <\/label> \r\n    <input type=\"text\" class=\"sib-VORNAME-area\" name=\"VORNAME\"> \r\n<\/p>\r\n\r\n<p class=\"sib-NACHNAME-area\"> \r\n    <label class=\"sib-NACHNAME-area\">Nachname<\/label> \r\n    <input type=\"text\" class=\"sib-NACHNAME-area\" name=\"NACHNAME\"> \r\n<\/p>\r\n<p>Die e-mail\/sms Adresse wird nur f\u00fcr die Newsletter und Informationen von Vienna Wood Working \u00fcber unsere Aktivit\u00e4ten genutzt. Sie k\u00f6nnen sich jederzeit abmelden indem Sie den Unsubscribe Link in Ihrem Newsletter anklicken.<\/p>\r\n\r\n<input type=\"checkbox\" name=\"terms\" required=\"required\"> Ich stimme der Nutzung der Daten f\u00fcr den Zweck der Information zu. Meine Rechte und die detaillierte Information \u00fcber die Verarbeitung sind in der <a href=\"https:\/\/www.viennawoodworking.com\/?page_id=187\">Datenschutzerkl\u00e4rung.<\/a> \r\n\r\n<p>\r\n    <input type=\"submit\" class=\"sib-default-btn\" value=\"Subscribe\">\r\n<\/p>\r\n\r\n\r\n\t\t\t\t<\/div>\n\t\t\t<\/form>\n\t\t\t<style>\n\t\t\t\tform#sib_signup_form_1 p.sib-alert-message {\n    padding: 6px 12px;\n    margin-bottom: 20px;\n    border: 1px solid transparent;\n    border-radius: 4px;\n    -webkit-box-sizing: border-box;\n    -moz-box-sizing: border-box;\n    box-sizing: border-box;\n}\nform#sib_signup_form_1 p.sib-alert-message-error {\n    background-color: #f2dede;\n    border-color: #ebccd1;\n    color: #a94442;\n}\nform#sib_signup_form_1 p.sib-alert-message-success {\n    background-color: #dff0d8;\n    border-color: #d6e9c6;\n    color: #3c763d;\n}\nform#sib_signup_form_1 p.sib-alert-message-warning {\n    background-color: #fcf8e3;\n    border-color: #faebcc;\n    color: #8a6d3b;\n}\n\t\t\t<\/style>\n\t\t\t<\/em><\/p>\n\n\n\n<p><\/p>\n","protected":false},"excerpt":{"rendered":"","protected":false},"author":1,"featured_media":0,"parent":0,"menu_order":0,"comment_status":"closed","ping_status":"closed","template":"","meta":{"_kad_post_transparent":"","_kad_post_title":"","_kad_post_layout":"","_kad_post_sidebar_id":"","_kad_post_content_style":"","_kad_post_vertical_padding":"","_kad_post_feature":"","_kad_post_feature_position":"","_kad_post_header":false,"_kad_post_footer":false,"footnotes":""},"class_list":["post-425","page","type-page","status-publish","hentry"],"_links":{"self":[{"href":"https:\/\/www.viennawoodworking.com\/index.php?rest_route=\/wp\/v2\/pages\/425","targetHints":{"allow":["GET"]}}],"collection":[{"href":"https:\/\/www.viennawoodworking.com\/index.php?rest_route=\/wp\/v2\/pages"}],"about":[{"href":"https:\/\/www.viennawoodworking.com\/index.php?rest_route=\/wp\/v2\/types\/page"}],"author":[{"embeddable":true,"href":"https:\/\/www.viennawoodworking.com\/index.php?rest_route=\/wp\/v2\/users\/1"}],"replies":[{"embeddable":true,"href":"https:\/\/www.viennawoodworking.com\/index.php?rest_route=%2Fwp%2Fv2%2Fcomments&post=425"}],"version-history":[{"count":4,"href":"https:\/\/www.viennawoodworking.com\/index.php?rest_route=\/wp\/v2\/pages\/425\/revisions"}],"predecessor-version":[{"id":561,"href":"https:\/\/www.viennawoodworking.com\/index.php?rest_route=\/wp\/v2\/pages\/425\/revisions\/561"}],"wp:attachment":[{"href":"https:\/\/www.viennawoodworking.com\/index.php?rest_route=%2Fwp%2Fv2%2Fmedia&parent=425"}],"curies":[{"name":"wp","href":"https:\/\/api.w.org\/{rel}","templated":true}]}}