{"id":186,"date":"2021-05-19T06:26:31","date_gmt":"2021-05-19T06:26:31","guid":{"rendered":"https:\/\/www.viennawoodworking.com\/?page_id=186"},"modified":"2021-07-26T13:36:31","modified_gmt":"2021-07-26T11:36:31","slug":"impressum","status":"publish","type":"page","link":"https:\/\/www.viennawoodworking.com\/?page_id=186","title":{"rendered":"Impressum"},"content":{"rendered":"\n<figure class=\"wp-block-table\"><table><tbody><tr><td>Anschrift<\/td><td>Gamandergasse 26, A-1140 Wien<\/td><\/tr><tr><td><\/td><td><\/td><\/tr><tr><td>E-Mail<\/td><td>office@viennawoodworking.com<\/td><\/tr><tr><td>Rechtsform<\/td><td>Einzelpersonenunternehmen<\/td><\/tr><tr><td>Eigent\u00fcmer<\/td><td>DI Wolfgang Aigner<\/td><\/tr><tr><td><\/td><td><\/td><\/tr><tr><td>UID<\/td><td>ATU28300308<\/td><\/tr><tr><td>Bankverbindung<\/td><td>Raiffeisenbank Ober\u00f6sterreich, <br>IBAN: AT3400 0000 0501 4279, BIC: RLOOAT2L<\/td><\/tr><tr><td>Mitgliedschaften<\/td><td><a rel=\"noreferrer noopener\" href=\"https:\/\/www.wko.at\/Content.Node\/iv\/index.html\" target=\"_blank\">WK\u00d6<\/a>&nbsp;<\/td><\/tr><tr><td>Gewerbebeh\u00f6rde<\/td><td>Gewerbeordnung lt.&nbsp;<a href=\"http:\/\/www.ris.bka.gv.at\/\" target=\"_blank\" rel=\"noreferrer noopener\">www.ris.bka.gv.at<\/a><br>Magistrat der Stadt Wien<\/td><\/tr><tr><td>Unser Anliegen<\/td><td>Holzarbeiten zu Erstellung, Begeisterung daf\u00fcr zu wecken und diese zu verkaufen<\/td><\/tr><\/tbody><\/table><\/figure>\n\n\n\n<p>Im Sinne einer besseren Lesbarkeit werden auf dieser Website mit der Bezeichnung \u201eBerater\u201d, \u201eArbeitnehmer\u201c, \u201eMitarbeiter\u201d, \u201eKunde\u201d, \u201ePartner\u201d, \u201eExperte\u201d usw. Menschen beider Geschlechter angesprochen.<\/p>\n\n\n\n<h4 class=\"wp-block-heading\">Hinweise zu Copyright und Haftung gem\u00e4\u00df \u00a7 5(1) E-Commerce-Gesetz:<\/h4>\n\n\n\n<p>Im Hinblick auf die technischen Eigenschaften des Internet kann keine Gew\u00e4hr f\u00fcr die Authentizit\u00e4t, Richtigkeit und Vollst\u00e4ndigkeit der im Internet zur Verf\u00fcgung gestellten Informationen \u00fcbernommen werden. Es wird auch keine Gew\u00e4hr f\u00fcr die Verf\u00fcgbarkeit oder den Betrieb der gegenst\u00e4ndlichen Homepage und ihrer Inhalte \u00fcbernommen.<\/p>\n\n\n\n<p>Jede Haftung f\u00fcr unmittelbare, mittelbare oder sonstige Sch\u00e4den, unabh\u00e4ngig von deren Ursachen, die aus der Benutzung oder Nichtverf\u00fcgbarkeit der Daten und Informationen dieser Homepage erwachsen, wird, soweit rechtlich zul\u00e4ssig, ausgeschlossen.<\/p>\n\n\n\n<p>Der Inhalt dieser Homepage ist urheberrechtlich gesch\u00fctzt. Die Informationen sind nur f\u00fcr die pers\u00f6nliche Verwendung bestimmt. Jede weitergehende Nutzung insbesondere die Speicherung in Datenbanken, Vervielf\u00e4ltigung und jede Form von gewerblicher Nutzung sowie die Weitergabe an Dritte \u2013 auch in Teilen oder in \u00fcberarbeiteter Form \u2013 ohne schriftliche Zustimmung ist untersagt.<\/p>\n","protected":false},"excerpt":{"rendered":"<p>Anschrift Gamandergasse 26, A-1140 Wien E-Mail office@viennawoodworking.com Rechtsform Einzelpersonenunternehmen Eigent\u00fcmer DI Wolfgang Aigner UID ATU28300308 Bankverbindung Raiffeisenbank Ober\u00f6sterreich, IBAN: AT3400 0000 0501 4279, BIC: RLOOAT2L Mitgliedschaften WK\u00d6&nbsp; Gewerbebeh\u00f6rde Gewerbeordnung lt.&nbsp;www.ris.bka.gv.atMagistrat der Stadt Wien Unser Anliegen Holzarbeiten zu Erstellung, Begeisterung daf\u00fcr zu wecken und diese zu verkaufen Im Sinne einer besseren Lesbarkeit werden auf dieser Website&#8230;<\/p>\n","protected":false},"author":1,"featured_media":0,"parent":0,"menu_order":0,"comment_status":"closed","ping_status":"closed","template":"","meta":{"_kad_post_transparent":"","_kad_post_title":"","_kad_post_layout":"","_kad_post_sidebar_id":"","_kad_post_content_style":"","_kad_post_vertical_padding":"","_kad_post_feature":"","_kad_post_feature_position":"","_kad_post_header":false,"_kad_post_footer":false,"footnotes":""},"class_list":["post-186","page","type-page","status-publish","hentry"],"_links":{"self":[{"href":"https:\/\/www.viennawoodworking.com\/index.php?rest_route=\/wp\/v2\/pages\/186","targetHints":{"allow":["GET"]}}],"collection":[{"href":"https:\/\/www.viennawoodworking.com\/index.php?rest_route=\/wp\/v2\/pages"}],"about":[{"href":"https:\/\/www.viennawoodworking.com\/index.php?rest_route=\/wp\/v2\/types\/page"}],"author":[{"embeddable":true,"href":"https:\/\/www.viennawoodworking.com\/index.php?rest_route=\/wp\/v2\/users\/1"}],"replies":[{"embeddable":true,"href":"https:\/\/www.viennawoodworking.com\/index.php?rest_route=%2Fwp%2Fv2%2Fcomments&post=186"}],"version-history":[{"count":3,"href":"https:\/\/www.viennawoodworking.com\/index.php?rest_route=\/wp\/v2\/pages\/186\/revisions"}],"predecessor-version":[{"id":601,"href":"https:\/\/www.viennawoodworking.com\/index.php?rest_route=\/wp\/v2\/pages\/186\/revisions\/601"}],"wp:attachment":[{"href":"https:\/\/www.viennawoodworking.com\/index.php?rest_route=%2Fwp%2Fv2%2Fmedia&parent=186"}],"curies":[{"name":"wp","href":"https:\/\/api.w.org\/{rel}","templated":true}]}}